{"id":27,"date":"2018-10-08T13:07:27","date_gmt":"2018-10-08T13:07:27","guid":{"rendered":"http:\/\/www.foodomix.it\/?page_id=27"},"modified":"2024-01-17T16:37:52","modified_gmt":"2024-01-17T16:37:52","slug":"chi-sono","status":"publish","type":"page","link":"https:\/\/www.foodomix.it\/index.php\/chi-sono\/","title":{"rendered":"Chi sono"},"content":{"rendered":"<h2><\/h2>\n<p><img loading=\"lazy\" decoding=\"async\" class=\"alignleft wp-image-839 size-medium\" src=\"https:\/\/www.foodomix.it\/wp-content\/uploads\/2022\/02\/IMG_4025-e1645032832252-225x300.jpg\" alt=\"\" width=\"225\" height=\"300\" srcset=\"https:\/\/www.foodomix.it\/wp-content\/uploads\/2022\/02\/IMG_4025-e1645032832252-225x300.jpg 225w, https:\/\/www.foodomix.it\/wp-content\/uploads\/2022\/02\/IMG_4025-e1645032832252-768x1024.jpg 768w\" sizes=\"auto, (max-width: 225px) 100vw, 225px\" \/>Mi sono laureata in <strong>Scienze Biologiche<\/strong>\u00a0all\u2019<strong>Universit\u00e0 degli Studi di Genova<\/strong> e dopo il <strong>Dottorato in biochimica<\/strong> mi sono dedicata alla <strong>divulgazione scientifica<\/strong>.<\/p>\n<p>Collaboro da diversi anni con la societ\u00e0 editoriale e giornalistica <strong>Zadig<\/strong>\u00a0impegnata nella comunicazione, informazione e formazione su temi di medicina, sanit\u00e0, scienza e ambiente. In particolare ho progettato e coordinato la realizzazione dell\u2019<strong><a href=\"http:\/\/itunes.apple.com\/it\/app\/la-mia-voce\/id668564688\">app La mia voce<\/a><\/strong> strumento di comunicazione assistita per chi ha difficolt\u00e0 a parlare.<\/p>\n<p>A partire dal 2016 ho cominciato a interessarmi in maniera pi\u00f9 approfondita e scientifica di nutrizione. Ho concluso il <strong>Master Nutrifor<\/strong> di specializzazione in <strong>Nutrizione Umana<\/strong> e il <strong>Master di II livello in Dietetica e Nutrizione Clinica a.a. 2016-2017<\/strong> dell&#8217;<strong>Universit\u00e0 di Pavia<\/strong> svolgendo il <strong>tirocinio formativo<\/strong> presso il <strong>Dipartimento di Dietetica e Nutrizione Clinica dell&#8217;Ospedale San Martino di Genova<\/strong> e presso lo <strong>studio privato<\/strong> di un <strong>Biologo Nutrizionista<\/strong>.<\/p>\n<p>A partire dai primi mesi del <b>2018<\/b> ho cominciato a praticare la <strong>libera professione<\/strong>.<br \/>\nA <b>Milano\u00a0<\/b>collaboro con il <strong><a href=\"https:\/\/www.villaesperiamilano.it\" target=\"_blank\" rel=\"noopener noreferrer\">Poliambulatorio Villa Esperia<\/a>\u00a0<\/strong><span style=\"font-size: revert;\">e con il <\/span><b style=\"font-size: revert;\"><strong><a href=\"https:\/\/www.medick-up.it\/\" target=\"_blank\" rel=\"noopener noreferrer\">Poliambulatorio MediCk-Up\u00ae<\/a>.<br \/>\nSono disponibile per <b>visite online o <\/b>a domicilio.<\/strong><\/b><\/p>\n<h2>Chi \u00e8 il Biologo Nutrizionista<\/h2>\n<p><em>L\u2019art. 3 della legge 24.5.1967, n. 396 afferma testualmente che formano oggetto della <strong>professione di biologo<\/strong> le attivit\u00e0 di \u201c<strong>valutazione dei bisogni nutritivi ed energetici dell\u2019uomo<\/strong>\u201d. Del resto la stessa giurisprudenza amministrativa ha confermato che, oltre alla legge, costituisce fondamento delle competenze del biologo il decreto del Ministero di Grazia e Giustizia n. 362\/93. Il decreto attribuisce ai biologi la \u201c<strong>determinazione della dieta ottimale individuale<\/strong> in relazione ad <strong>accertate condizioni fisio-patologiche<\/strong>\u2026la determinazione delle diete ottimali per mense aziendali, collettivit\u00e0, gruppi sportivi, ecc., in relazione alla loro composizione ed alle caratteristiche dei soggetti (et\u00e0, sesso, tipo di attivit\u00e0)\u2026 la determinazione di diete speciali per particolari condizioni patologiche in ospedali, nosocomi\u2026\u201d (v. Cons. Stato, sez. V, 16.11.2005, n. 6394, in Foro Amm. Cons. St. 2005, 3305). Applicando poi i principi sanciti dalla Corte di Cassazione, <strong>l\u2019obbligo che incombe al biologo \u00e8 ovviamente quello di non qualificarsi come medico<\/strong>, e, quindi, di <strong>non effettuare diagnosi mediche<\/strong> e di <strong>non prescrivere farmaci<\/strong> (in tal senso Cass. Pen. 04.05.2005 n. 16626).<\/em><\/p>\n<p><em>L\u2019art. 3 della Legge 396\/67 e il Decreto Ministeriale 22 luglio 1993, n. 362 (Tariffario professionale) consentono al <strong>biologo<\/strong> di <strong>elaborare diete ottimali<\/strong>. Tali diete possono essere <strong>rivolte a tutta l\u2019utenza in condizioni fisiologiche<\/strong>. Se invece il cliente presume di essere affetto da una qualche patologia e vorrebbe dal biologo consigli alimentari per curarla, il biologo lo rinvier\u00e0 al medico perch\u00e9 accerti, con le sue competenze, se il soggetto \u00e8 affetto da una qualche patologia e <strong>solo dopo<\/strong> questo <strong>accertamento<\/strong> potr\u00e0 determinare ed elaborare una dieta che consenta, unitamente ai farmaci consigliati dal medico, il recupero dello stato di benessere. Va ricordato poi che il Decreto 1\/8\/2005 del Ministero dell\u2019Istruzione, dell\u2019Universit\u00e0 e della Ricerca Scientifica ammette tanto i laureati in Medicina e Chirurgia, quanto i laureati in Biologia alle scuole di specializzazione con un percorso formativo che consente l\u2019acquisizione di conoscenze teoriche scientifiche e professionali per la valutazione dello stato di nutrizione e dei bisogni nutritivi dell\u2019uomo.<\/em><\/p>\n<p><em><strong>Il biologonutrizionista pu\u00f2 svolgere la sua professione in totale autonomia senza la presenza del medico<\/strong>.<\/em><\/p>\n<p><em>L\u2019<a href=\"https:\/\/www.ordinebiologilombardia.it\/cerca-biologo-lombardia\/\" target=\"_blank\" rel=\"noopener\"><strong>iscrizione all\u2019Ordine dei Biologi Lombardia<\/strong><\/a> conferisce il titolo giuridico a svolgere la professione di biologo di cui all\u2019Art. 3 della Legge 396\/67 (individua l\u2019oggetto della professione di biologo) tra cui quella del nutrizionista.<\/em><\/p>\n<p><a href=\"http:\/\/www.fnob.it\" target=\"_blank\" rel=\"noopener\"><em>Tratto dal sito della Federazione Nazionale degli Ordini dei Biologi.<\/em><\/a><\/p>\n","protected":false},"excerpt":{"rendered":"<p>Mi sono laureata in Scienze Biologiche\u00a0all\u2019Universit\u00e0 degli Studi di Genova e dopo il Dottorato in biochimica mi sono dedicata alla divulgazione scientifica. Collaboro da diversi anni con la societ\u00e0 editoriale e giornalistica Zadig\u00a0impegnata nella comunicazione, informazione e formazione su temi di medicina, sanit\u00e0, scienza e ambiente. In particolare ho progettato e coordinato la realizzazione dell\u2019app [&hellip;]<\/p>\n","protected":false},"author":1,"featured_media":0,"parent":0,"menu_order":0,"comment_status":"closed","ping_status":"closed","template":"","meta":{"footnotes":""},"class_list":["post-27","page","type-page","status-publish","hentry"],"_links":{"self":[{"href":"https:\/\/www.foodomix.it\/index.php\/wp-json\/wp\/v2\/pages\/27","targetHints":{"allow":["GET"]}}],"collection":[{"href":"https:\/\/www.foodomix.it\/index.php\/wp-json\/wp\/v2\/pages"}],"about":[{"href":"https:\/\/www.foodomix.it\/index.php\/wp-json\/wp\/v2\/types\/page"}],"author":[{"embeddable":true,"href":"https:\/\/www.foodomix.it\/index.php\/wp-json\/wp\/v2\/users\/1"}],"replies":[{"embeddable":true,"href":"https:\/\/www.foodomix.it\/index.php\/wp-json\/wp\/v2\/comments?post=27"}],"version-history":[{"count":36,"href":"https:\/\/www.foodomix.it\/index.php\/wp-json\/wp\/v2\/pages\/27\/revisions"}],"predecessor-version":[{"id":1136,"href":"https:\/\/www.foodomix.it\/index.php\/wp-json\/wp\/v2\/pages\/27\/revisions\/1136"}],"wp:attachment":[{"href":"https:\/\/www.foodomix.it\/index.php\/wp-json\/wp\/v2\/media?parent=27"}],"curies":[{"name":"wp","href":"https:\/\/api.w.org\/{rel}","templated":true}]}}