{"id":1251,"date":"2025-05-06T14:13:09","date_gmt":"2025-05-06T14:13:09","guid":{"rendered":"https:\/\/www.foodomix.it\/?page_id=1251"},"modified":"2025-05-06T14:24:49","modified_gmt":"2025-05-06T14:24:49","slug":"analisi-del-microbiota","status":"publish","type":"page","link":"https:\/\/www.foodomix.it\/index.php\/analisi-del-microbiota\/","title":{"rendered":"Analisi del microbiota"},"content":{"rendered":"\n<p>Il microbiota umano \u00e8 l\u2019insieme di tutti gli microrganismi, principalmente batteri, ma anche virus, funghi e protozoi, che vivono in simbiosi con il nostro organismo.<\/p>\n\n\n\n<p>Il microbiota pi\u00f9 abbondante si trova nell\u2019intestino ed \u00e8 diverso da quello presente negli altri distretti del corpo come pelle, cavit\u00e0 orale, polmoni, organi genitali, narici, cavit\u00e0 oculare o canale uditivo.<br>Il microbiota intestinale ha svariate funzioni ed fondamentale per una vita in salute, contribuisce alla digestione degli alimenti, produce vitamine, regola il metabolismo di zuccheri, grassi e proteine, protegge dalle infezioni e modula il sistema immunitario.<\/p>\n\n\n\n<p>La composizione del microbiota dipende da moltissimi fattori, uno dei pi\u00f9 rilevanti \u00e8 lo stile di vita. <br>Dieta e movimento sono in grado di modificare in modo significativo e rilevabile, i microrganismi che vivono nel nostro organismo.<\/p>\n\n\n\n<p>Effettuare un\u2019analisi del microbiota (intestinale o vaginale) permette di ottenere una fotografia della composizione batterica, fotografia che pu\u00f2 rivelarsi utile non solo in caso di patologia ma anche per un efficiente approccio preventivo alla salute.<\/p>\n","protected":false},"excerpt":{"rendered":"<p>Il microbiota umano \u00e8 l\u2019insieme di tutti gli microrganismi, principalmente batteri, ma anche virus, funghi e protozoi, che vivono in simbiosi con il nostro organismo. Il microbiota pi\u00f9 abbondante si trova nell\u2019intestino ed \u00e8 diverso da quello presente negli altri distretti del corpo come pelle, cavit\u00e0 orale, polmoni, organi genitali, narici, cavit\u00e0 oculare o canale [&hellip;]<\/p>\n","protected":false},"author":1,"featured_media":0,"parent":0,"menu_order":0,"comment_status":"closed","ping_status":"closed","template":"","meta":{"footnotes":""},"class_list":["post-1251","page","type-page","status-publish","hentry"],"_links":{"self":[{"href":"https:\/\/www.foodomix.it\/index.php\/wp-json\/wp\/v2\/pages\/1251","targetHints":{"allow":["GET"]}}],"collection":[{"href":"https:\/\/www.foodomix.it\/index.php\/wp-json\/wp\/v2\/pages"}],"about":[{"href":"https:\/\/www.foodomix.it\/index.php\/wp-json\/wp\/v2\/types\/page"}],"author":[{"embeddable":true,"href":"https:\/\/www.foodomix.it\/index.php\/wp-json\/wp\/v2\/users\/1"}],"replies":[{"embeddable":true,"href":"https:\/\/www.foodomix.it\/index.php\/wp-json\/wp\/v2\/comments?post=1251"}],"version-history":[{"count":3,"href":"https:\/\/www.foodomix.it\/index.php\/wp-json\/wp\/v2\/pages\/1251\/revisions"}],"predecessor-version":[{"id":1255,"href":"https:\/\/www.foodomix.it\/index.php\/wp-json\/wp\/v2\/pages\/1251\/revisions\/1255"}],"wp:attachment":[{"href":"https:\/\/www.foodomix.it\/index.php\/wp-json\/wp\/v2\/media?parent=1251"}],"curies":[{"name":"wp","href":"https:\/\/api.w.org\/{rel}","templated":true}]}}